{"id":805,"date":"2023-05-12T17:17:38","date_gmt":"2023-05-12T16:17:38","guid":{"rendered":"https:\/\/tablesfleursdunjour.fr\/?page_id=805"},"modified":"2023-05-12T17:17:39","modified_gmt":"2023-05-12T16:17:39","slug":"conditions-generales-dutilisation","status":"publish","type":"page","link":"https:\/\/tablesfleursdunjour.fr\/?page_id=805","title":{"rendered":"Conditions g\u00e9n\u00e9rales d&rsquo;utilisation"},"content":{"rendered":"\n<h1 class=\"wp-block-heading\"><\/h1>\n\n\n\n<h1 class=\"wp-block-heading\">Conditions g\u00e9n\u00e9rales d\u2019utilisation (CGU)<\/h1>\n\n\n\n<h2 class=\"wp-block-heading\">Objectif et qualit\u00e9 des contenus<\/h2>\n\n\n\n<p>Ce site a pour objectif de communiquer du contenu informatif sur les produits ou services propos\u00e9s par l\u2019\u00e9diteur du site. Le site s\u2019efforce de fournir une information de qualit\u00e9 et v\u00e9rifi\u00e9e. Si vous constatez une erreur typographique ou si une information vous semble inexacte, merci de nous en informer en nous adressant un email. Le site est susceptible d\u2019\u00eatre compl\u00e9t\u00e9 ou modifi\u00e9, \u00e0 tout moment, notamment en fonction des \u00e9volutions technologiques.<\/p>\n\n\n\n<h2 class=\"wp-block-heading\">Acc\u00e8s &amp; Utilisation du site<\/h2>\n\n\n\n<p>Tout abus dans l\u2019acc\u00e8s ou l\u2019utilisation du site ou tout autre usage que celui auquel il est destin\u00e9, sont interdits. Il \u00e9galement strictement interdit de mettre en p\u00e9ril l\u2019int\u00e9grit\u00e9, l\u2019utilisation ou les conditions de fonctionnement du serveur ou d\u2019interf\u00e9rer ou de tenter d\u2019interf\u00e9rer avec le bon fonctionnement du site. L\u2019acc\u00e8s au site peut \u00eatre suspendu pour des raisons de maintenance ou de mise \u00e0 jour, pour une cause due \u00e0 la survenance d\u2019un cas fortuit ou de force majeure habituellement reconnu par la jurisprudence fran\u00e7aise.<\/p>\n\n\n\n<h2 class=\"wp-block-heading\">Propri\u00e9t\u00e9 intellectuelle<\/h2>\n\n\n\n<p>Le site internet ainsi que son contenu est prot\u00e9g\u00e9 au titre des droits de propri\u00e9t\u00e9 intellectuelle au profit de l\u2019\u00e9diteur du site. Il est interdit de copier, reproduire, extraire, diffuser, tout ou partie, du site ou de ses \u00e9l\u00e9ments, sur quelque support que ce soit sans l\u2019accord \u00e9crit et pr\u00e9alable de l\u2019\u00e9diteur du site. Le non-respect de ces droits peut engager les responsabilit\u00e9s civile et p\u00e9nale du contrevenant.<\/p>\n\n\n\n<p>Les photographies, images et vid\u00e9os du site sont la propri\u00e9t\u00e9 pleine et enti\u00e8re de l\u2019\u00e9diteur du site, certaines vid\u00e9os en libre de droits de Pexels et Vecteezy.<\/p>\n\n\n\n<h2 class=\"wp-block-heading\">Donn\u00e9es Personnelles<\/h2>\n\n\n\n<p>L\u2019\u00e9diteur du site s\u2019engage \u00e0 ce que la collecte et le traitement des donn\u00e9es personnelles effectu\u00e9s \u00e0 partir du pr\u00e9sent site soient conformes au RGPD et \u00e0 la loi Informatique et Libert\u00e9s.<\/p>\n\n\n\n<p>Les donn\u00e9es personnelles collect\u00e9es ne sont pas transf\u00e9r\u00e9es dans un pays hors de l\u2019Union Europ\u00e9enne.<\/p>\n\n\n\n<p>Les donn\u00e9es personnelles collect\u00e9es via notre site web sont conserv\u00e9es pendant une dur\u00e9e de 3 ans \u00e0 compter du jour de leur collecte ou bien tant que la personne concern\u00e9e ne se d\u00e9sinscrit pas ou en nous adressant une demande par email \u00e0 l\u2019adresse : sandrine@tablesfleursdunjour.fr<\/p>\n\n\n\n<p>Conform\u00e9ment \u00e0 la l\u00e9gislation sur la protection des donn\u00e9es \u00e0 caract\u00e8re personnel, vous b\u00e9n\u00e9ficiez d\u2019un droit d\u2019acc\u00e8s, de rectification, de suppression, de portabilit\u00e9 aux informations qui vous concernent, que vous pouvez exercer en nous adressant un e-mail \u00e0 l\u2019adresse : sandrine@tablesfleursdunjour.fr<\/p>\n\n\n\n<p>Vous pouvez consulter le site cnil.fr pour plus d\u2019informations sur vos droits.<\/p>\n\n\n\n<p>Vous pouvez \u00e9galement, pour des motifs l\u00e9gitimes, vous opposer au traitement des donn\u00e9es vous concernant. Si vous estimez, apr\u00e8s nous avoir contact\u00e9s, que vos droits \u2018 Informatique et Libert\u00e9s \u2018, ne sont pas respect\u00e9s, vous pouvez introduire une r\u00e9clamation aupr\u00e8s de la CNIL.<\/p>\n\n\n\n<h2 class=\"wp-block-heading\">Connexion et s\u00e9curit\u00e9<\/h2>\n\n\n\n<p>L\u2019acc\u00e8s et l\u2019utilisation du site sont s\u00e9curis\u00e9s par un Th\u00e8mes Security, permettant d\u2019assurer la s\u00e9curit\u00e9 et l\u2019int\u00e9grit\u00e9 des donn\u00e9es \u00e9chang\u00e9es de bout en bout, entre le poste de l\u2019internaute et notre site.<\/p>\n\n\n\n<h2 class=\"wp-block-heading\">Les liens hypertextes<\/h2>\n\n\n\n<p>Il est interdit de mettre en place un lien hypertexte vers le pr\u00e9sent site sans l\u2019accord \u00e9crit et pr\u00e9alable de l\u2019\u00e9diteur. En aucun cas, ce dernier ne peut \u00eatre tenu pour responsable du contenu des sites qui font l\u2019objet d\u2019un lien hypertexte \u00e0 partir du pr\u00e9sent site.<\/p>\n\n\n\n<h2 class=\"wp-block-heading\">Droit applicable &amp; Juridiction comp\u00e9tente<\/h2>\n\n\n\n<p>Le pr\u00e9sent site est r\u00e9gi par le droit fran\u00e7ais et rel\u00e8ve de la comp\u00e9tence exclusive des tribunaux du lieu du si\u00e8ge social pour une personne morale ou du domicile pour une personne physique, de l\u2019\u00e9diteur du site.<\/p>\n","protected":false},"excerpt":{"rendered":"<p>Conditions g\u00e9n\u00e9rales d\u2019utilisation (CGU) Objectif et qualit\u00e9 des contenus Ce site a pour objectif de communiquer du contenu informatif sur les produits ou services propos\u00e9s par l\u2019\u00e9diteur du site. Le site s\u2019efforce de fournir une information de qualit\u00e9 et v\u00e9rifi\u00e9e. Si vous constatez une erreur typographique ou si une information vous semble inexacte, merci de nous en informer en nous adressant un email. Le site est susceptible d\u2019\u00eatre compl\u00e9t\u00e9 ou modifi\u00e9, \u00e0 tout moment, notamment en fonction des \u00e9volutions technologiques. Acc\u00e8s &amp; Utilisation du site Tout abus dans l\u2019acc\u00e8s ou l\u2019utilisation du site ou tout autre usage que celui auquel il est destin\u00e9, sont interdits. Il \u00e9galement strictement interdit de mettre en p\u00e9ril l\u2019int\u00e9grit\u00e9, l\u2019utilisation ou les conditions de fonctionnement du serveur ou d\u2019interf\u00e9rer ou de tenter d\u2019interf\u00e9rer avec le bon fonctionnement du site. L\u2019acc\u00e8s au site peut \u00eatre suspendu pour des raisons de maintenance ou de mise \u00e0 jour, pour une cause due \u00e0 la survenance d\u2019un cas fortuit ou de force majeure habituellement reconnu par la jurisprudence fran\u00e7aise. Propri\u00e9t\u00e9 intellectuelle Le site internet ainsi que son contenu est prot\u00e9g\u00e9 au titre des droits de propri\u00e9t\u00e9 intellectuelle au profit de l\u2019\u00e9diteur du site. Il est interdit de copier, reproduire, extraire, diffuser, tout ou partie, du site ou de ses \u00e9l\u00e9ments, sur quelque support que ce soit sans l\u2019accord \u00e9crit et pr\u00e9alable de l\u2019\u00e9diteur du site. Le non-respect de ces droits peut engager les responsabilit\u00e9s civile et p\u00e9nale du contrevenant. Les photographies, images et vid\u00e9os du site sont la propri\u00e9t\u00e9 pleine et enti\u00e8re de l\u2019\u00e9diteur du site, certaines vid\u00e9os en libre de droits de Pexels et Vecteezy. Donn\u00e9es Personnelles L\u2019\u00e9diteur du site s\u2019engage \u00e0 ce que la collecte et le traitement des donn\u00e9es personnelles effectu\u00e9s \u00e0 partir du pr\u00e9sent site soient conformes au RGPD et \u00e0 la loi Informatique et Libert\u00e9s. Les donn\u00e9es personnelles collect\u00e9es ne sont pas transf\u00e9r\u00e9es dans un pays hors de l\u2019Union Europ\u00e9enne. Les donn\u00e9es personnelles collect\u00e9es via notre site web sont conserv\u00e9es pendant une dur\u00e9e de 3 ans \u00e0 compter du jour de leur collecte ou bien tant que la personne concern\u00e9e ne se d\u00e9sinscrit pas ou en nous adressant une demande par email \u00e0 l\u2019adresse : sandrine@tablesfleursdunjour.fr Conform\u00e9ment \u00e0 la l\u00e9gislation sur la protection des donn\u00e9es \u00e0 caract\u00e8re personnel, vous b\u00e9n\u00e9ficiez d\u2019un droit d\u2019acc\u00e8s, de rectification, de suppression, de portabilit\u00e9 aux informations qui vous concernent, que vous pouvez exercer en nous adressant un e-mail \u00e0 l\u2019adresse : sandrine@tablesfleursdunjour.fr Vous pouvez consulter le site cnil.fr pour plus d\u2019informations sur vos droits. Vous pouvez \u00e9galement, pour des motifs l\u00e9gitimes, vous opposer au traitement des donn\u00e9es vous concernant. Si vous estimez, apr\u00e8s nous avoir contact\u00e9s, que vos droits \u2018 Informatique et Libert\u00e9s \u2018, ne sont pas respect\u00e9s, vous pouvez introduire une r\u00e9clamation aupr\u00e8s de la CNIL. Connexion et s\u00e9curit\u00e9 L\u2019acc\u00e8s et l\u2019utilisation du site sont s\u00e9curis\u00e9s par un Th\u00e8mes Security, permettant d\u2019assurer la s\u00e9curit\u00e9 et l\u2019int\u00e9grit\u00e9 des donn\u00e9es \u00e9chang\u00e9es de bout en bout, entre le poste de l\u2019internaute et notre site. Les liens hypertextes Il est interdit de mettre en place un lien hypertexte vers le pr\u00e9sent site sans l\u2019accord \u00e9crit et pr\u00e9alable de l\u2019\u00e9diteur. En aucun cas, ce dernier ne peut \u00eatre tenu pour responsable du contenu des sites qui font l\u2019objet d\u2019un lien hypertexte \u00e0 partir du pr\u00e9sent site. Droit applicable &amp; Juridiction comp\u00e9tente Le pr\u00e9sent site est r\u00e9gi par le droit fran\u00e7ais et rel\u00e8ve de la comp\u00e9tence exclusive des tribunaux du lieu du si\u00e8ge social pour une personne morale ou du domicile pour une personne physique, de l\u2019\u00e9diteur du site.<\/p>\n","protected":false},"author":1,"featured_media":0,"parent":0,"menu_order":0,"comment_status":"closed","ping_status":"closed","template":"","meta":{"footnotes":""},"class_list":["post-805","page","type-page","status-publish","hentry","entry"],"yoast_head":"<!-- This site is optimized with the Yoast SEO plugin v27.5 - https:\/\/yoast.com\/product\/yoast-seo-wordpress\/ -->\n<title>Conditions g\u00e9n\u00e9rales d&#039;utilisation - Tables et Fleurs d&#039;Un Jour<\/title>\n<meta name=\"robots\" content=\"index, follow, max-snippet:-1, max-image-preview:large, max-video-preview:-1\" \/>\n<link rel=\"canonical\" href=\"https:\/\/tablesfleursdunjour.fr\/?page_id=805\" \/>\n<meta property=\"og:locale\" content=\"fr_FR\" \/>\n<meta property=\"og:type\" content=\"article\" \/>\n<meta property=\"og:title\" content=\"Conditions g\u00e9n\u00e9rales d&#039;utilisation - Tables et Fleurs d&#039;Un Jour\" \/>\n<meta property=\"og:description\" content=\"Conditions g\u00e9n\u00e9rales d\u2019utilisation (CGU) Objectif et qualit\u00e9 des contenus Ce site a pour objectif de communiquer du contenu informatif sur les produits ou services propos\u00e9s par l\u2019\u00e9diteur du site. Le site s\u2019efforce de fournir une information de qualit\u00e9 et v\u00e9rifi\u00e9e. Si vous constatez une erreur typographique ou si une information vous semble inexacte, merci de nous en informer en nous adressant un email. Le site est susceptible d\u2019\u00eatre compl\u00e9t\u00e9 ou modifi\u00e9, \u00e0 tout moment, notamment en fonction des \u00e9volutions technologiques. Acc\u00e8s &amp; Utilisation du site Tout abus dans l\u2019acc\u00e8s ou l\u2019utilisation du site ou tout autre usage que celui auquel il est destin\u00e9, sont interdits. Il \u00e9galement strictement interdit de mettre en p\u00e9ril l\u2019int\u00e9grit\u00e9, l\u2019utilisation ou les conditions de fonctionnement du serveur ou d\u2019interf\u00e9rer ou de tenter d\u2019interf\u00e9rer avec le bon fonctionnement du site. L\u2019acc\u00e8s au site peut \u00eatre suspendu pour des raisons de maintenance ou de mise \u00e0 jour, pour une cause due \u00e0 la survenance d\u2019un cas fortuit ou de force majeure habituellement reconnu par la jurisprudence fran\u00e7aise. Propri\u00e9t\u00e9 intellectuelle Le site internet ainsi que son contenu est prot\u00e9g\u00e9 au titre des droits de propri\u00e9t\u00e9 intellectuelle au profit de l\u2019\u00e9diteur du site. Il est interdit de copier, reproduire, extraire, diffuser, tout ou partie, du site ou de ses \u00e9l\u00e9ments, sur quelque support que ce soit sans l\u2019accord \u00e9crit et pr\u00e9alable de l\u2019\u00e9diteur du site. Le non-respect de ces droits peut engager les responsabilit\u00e9s civile et p\u00e9nale du contrevenant. Les photographies, images et vid\u00e9os du site sont la propri\u00e9t\u00e9 pleine et enti\u00e8re de l\u2019\u00e9diteur du site, certaines vid\u00e9os en libre de droits de Pexels et Vecteezy. Donn\u00e9es Personnelles L\u2019\u00e9diteur du site s\u2019engage \u00e0 ce que la collecte et le traitement des donn\u00e9es personnelles effectu\u00e9s \u00e0 partir du pr\u00e9sent site soient conformes au RGPD et \u00e0 la loi Informatique et Libert\u00e9s. Les donn\u00e9es personnelles collect\u00e9es ne sont pas transf\u00e9r\u00e9es dans un pays hors de l\u2019Union Europ\u00e9enne. Les donn\u00e9es personnelles collect\u00e9es via notre site web sont conserv\u00e9es pendant une dur\u00e9e de 3 ans \u00e0 compter du jour de leur collecte ou bien tant que la personne concern\u00e9e ne se d\u00e9sinscrit pas ou en nous adressant une demande par email \u00e0 l\u2019adresse : sandrine@tablesfleursdunjour.fr Conform\u00e9ment \u00e0 la l\u00e9gislation sur la protection des donn\u00e9es \u00e0 caract\u00e8re personnel, vous b\u00e9n\u00e9ficiez d\u2019un droit d\u2019acc\u00e8s, de rectification, de suppression, de portabilit\u00e9 aux informations qui vous concernent, que vous pouvez exercer en nous adressant un e-mail \u00e0 l\u2019adresse : sandrine@tablesfleursdunjour.fr Vous pouvez consulter le site cnil.fr pour plus d\u2019informations sur vos droits. Vous pouvez \u00e9galement, pour des motifs l\u00e9gitimes, vous opposer au traitement des donn\u00e9es vous concernant. Si vous estimez, apr\u00e8s nous avoir contact\u00e9s, que vos droits \u2018 Informatique et Libert\u00e9s \u2018, ne sont pas respect\u00e9s, vous pouvez introduire une r\u00e9clamation aupr\u00e8s de la CNIL. Connexion et s\u00e9curit\u00e9 L\u2019acc\u00e8s et l\u2019utilisation du site sont s\u00e9curis\u00e9s par un Th\u00e8mes Security, permettant d\u2019assurer la s\u00e9curit\u00e9 et l\u2019int\u00e9grit\u00e9 des donn\u00e9es \u00e9chang\u00e9es de bout en bout, entre le poste de l\u2019internaute et notre site. Les liens hypertextes Il est interdit de mettre en place un lien hypertexte vers le pr\u00e9sent site sans l\u2019accord \u00e9crit et pr\u00e9alable de l\u2019\u00e9diteur. En aucun cas, ce dernier ne peut \u00eatre tenu pour responsable du contenu des sites qui font l\u2019objet d\u2019un lien hypertexte \u00e0 partir du pr\u00e9sent site. Droit applicable &amp; Juridiction comp\u00e9tente Le pr\u00e9sent site est r\u00e9gi par le droit fran\u00e7ais et rel\u00e8ve de la comp\u00e9tence exclusive des tribunaux du lieu du si\u00e8ge social pour une personne morale ou du domicile pour une personne physique, de l\u2019\u00e9diteur du site.\" \/>\n<meta property=\"og:url\" content=\"https:\/\/tablesfleursdunjour.fr\/?page_id=805\" \/>\n<meta property=\"og:site_name\" content=\"Tables et Fleurs d&#039;Un Jour\" \/>\n<meta property=\"article:modified_time\" content=\"2023-05-12T16:17:39+00:00\" \/>\n<meta name=\"twitter:label1\" content=\"Dur\u00e9e de lecture estim\u00e9e\" \/>\n\t<meta name=\"twitter:data1\" content=\"3 minutes\" \/>\n<script type=\"application\/ld+json\" class=\"yoast-schema-graph\">{\"@context\":\"https:\\\/\\\/schema.org\",\"@graph\":[{\"@type\":\"WebPage\",\"@id\":\"https:\\\/\\\/tablesfleursdunjour.fr\\\/?page_id=805\",\"url\":\"https:\\\/\\\/tablesfleursdunjour.fr\\\/?page_id=805\",\"name\":\"Conditions g\u00e9n\u00e9rales d'utilisation - Tables et Fleurs d&#039;Un Jour\",\"isPartOf\":{\"@id\":\"https:\\\/\\\/tablesfleursdunjour.fr\\\/#website\"},\"datePublished\":\"2023-05-12T16:17:38+00:00\",\"dateModified\":\"2023-05-12T16:17:39+00:00\",\"inLanguage\":\"fr-FR\",\"potentialAction\":[{\"@type\":\"ReadAction\",\"target\":[\"https:\\\/\\\/tablesfleursdunjour.fr\\\/?page_id=805\"]}]},{\"@type\":\"WebSite\",\"@id\":\"https:\\\/\\\/tablesfleursdunjour.fr\\\/#website\",\"url\":\"https:\\\/\\\/tablesfleursdunjour.fr\\\/\",\"name\":\"Tables et Fleurs d&#039;Un Jour\",\"description\":\"Wedding Design &amp; D\u00e9coration Florale\",\"potentialAction\":[{\"@type\":\"SearchAction\",\"target\":{\"@type\":\"EntryPoint\",\"urlTemplate\":\"https:\\\/\\\/tablesfleursdunjour.fr\\\/?s={search_term_string}\"},\"query-input\":{\"@type\":\"PropertyValueSpecification\",\"valueRequired\":true,\"valueName\":\"search_term_string\"}}],\"inLanguage\":\"fr-FR\"}]}<\/script>\n<!-- \/ Yoast SEO plugin. -->","yoast_head_json":{"title":"Conditions g\u00e9n\u00e9rales d'utilisation - Tables et Fleurs d&#039;Un Jour","robots":{"index":"index","follow":"follow","max-snippet":"max-snippet:-1","max-image-preview":"max-image-preview:large","max-video-preview":"max-video-preview:-1"},"canonical":"https:\/\/tablesfleursdunjour.fr\/?page_id=805","og_locale":"fr_FR","og_type":"article","og_title":"Conditions g\u00e9n\u00e9rales d'utilisation - Tables et Fleurs d&#039;Un Jour","og_description":"Conditions g\u00e9n\u00e9rales d\u2019utilisation (CGU) Objectif et qualit\u00e9 des contenus Ce site a pour objectif de communiquer du contenu informatif sur les produits ou services propos\u00e9s par l\u2019\u00e9diteur du site. Le site s\u2019efforce de fournir une information de qualit\u00e9 et v\u00e9rifi\u00e9e. Si vous constatez une erreur typographique ou si une information vous semble inexacte, merci de nous en informer en nous adressant un email. Le site est susceptible d\u2019\u00eatre compl\u00e9t\u00e9 ou modifi\u00e9, \u00e0 tout moment, notamment en fonction des \u00e9volutions technologiques. Acc\u00e8s &amp; Utilisation du site Tout abus dans l\u2019acc\u00e8s ou l\u2019utilisation du site ou tout autre usage que celui auquel il est destin\u00e9, sont interdits. Il \u00e9galement strictement interdit de mettre en p\u00e9ril l\u2019int\u00e9grit\u00e9, l\u2019utilisation ou les conditions de fonctionnement du serveur ou d\u2019interf\u00e9rer ou de tenter d\u2019interf\u00e9rer avec le bon fonctionnement du site. L\u2019acc\u00e8s au site peut \u00eatre suspendu pour des raisons de maintenance ou de mise \u00e0 jour, pour une cause due \u00e0 la survenance d\u2019un cas fortuit ou de force majeure habituellement reconnu par la jurisprudence fran\u00e7aise. Propri\u00e9t\u00e9 intellectuelle Le site internet ainsi que son contenu est prot\u00e9g\u00e9 au titre des droits de propri\u00e9t\u00e9 intellectuelle au profit de l\u2019\u00e9diteur du site. Il est interdit de copier, reproduire, extraire, diffuser, tout ou partie, du site ou de ses \u00e9l\u00e9ments, sur quelque support que ce soit sans l\u2019accord \u00e9crit et pr\u00e9alable de l\u2019\u00e9diteur du site. Le non-respect de ces droits peut engager les responsabilit\u00e9s civile et p\u00e9nale du contrevenant. Les photographies, images et vid\u00e9os du site sont la propri\u00e9t\u00e9 pleine et enti\u00e8re de l\u2019\u00e9diteur du site, certaines vid\u00e9os en libre de droits de Pexels et Vecteezy. Donn\u00e9es Personnelles L\u2019\u00e9diteur du site s\u2019engage \u00e0 ce que la collecte et le traitement des donn\u00e9es personnelles effectu\u00e9s \u00e0 partir du pr\u00e9sent site soient conformes au RGPD et \u00e0 la loi Informatique et Libert\u00e9s. Les donn\u00e9es personnelles collect\u00e9es ne sont pas transf\u00e9r\u00e9es dans un pays hors de l\u2019Union Europ\u00e9enne. Les donn\u00e9es personnelles collect\u00e9es via notre site web sont conserv\u00e9es pendant une dur\u00e9e de 3 ans \u00e0 compter du jour de leur collecte ou bien tant que la personne concern\u00e9e ne se d\u00e9sinscrit pas ou en nous adressant une demande par email \u00e0 l\u2019adresse : sandrine@tablesfleursdunjour.fr Conform\u00e9ment \u00e0 la l\u00e9gislation sur la protection des donn\u00e9es \u00e0 caract\u00e8re personnel, vous b\u00e9n\u00e9ficiez d\u2019un droit d\u2019acc\u00e8s, de rectification, de suppression, de portabilit\u00e9 aux informations qui vous concernent, que vous pouvez exercer en nous adressant un e-mail \u00e0 l\u2019adresse : sandrine@tablesfleursdunjour.fr Vous pouvez consulter le site cnil.fr pour plus d\u2019informations sur vos droits. Vous pouvez \u00e9galement, pour des motifs l\u00e9gitimes, vous opposer au traitement des donn\u00e9es vous concernant. Si vous estimez, apr\u00e8s nous avoir contact\u00e9s, que vos droits \u2018 Informatique et Libert\u00e9s \u2018, ne sont pas respect\u00e9s, vous pouvez introduire une r\u00e9clamation aupr\u00e8s de la CNIL. Connexion et s\u00e9curit\u00e9 L\u2019acc\u00e8s et l\u2019utilisation du site sont s\u00e9curis\u00e9s par un Th\u00e8mes Security, permettant d\u2019assurer la s\u00e9curit\u00e9 et l\u2019int\u00e9grit\u00e9 des donn\u00e9es \u00e9chang\u00e9es de bout en bout, entre le poste de l\u2019internaute et notre site. Les liens hypertextes Il est interdit de mettre en place un lien hypertexte vers le pr\u00e9sent site sans l\u2019accord \u00e9crit et pr\u00e9alable de l\u2019\u00e9diteur. En aucun cas, ce dernier ne peut \u00eatre tenu pour responsable du contenu des sites qui font l\u2019objet d\u2019un lien hypertexte \u00e0 partir du pr\u00e9sent site. Droit applicable &amp; Juridiction comp\u00e9tente Le pr\u00e9sent site est r\u00e9gi par le droit fran\u00e7ais et rel\u00e8ve de la comp\u00e9tence exclusive des tribunaux du lieu du si\u00e8ge social pour une personne morale ou du domicile pour une personne physique, de l\u2019\u00e9diteur du site.","og_url":"https:\/\/tablesfleursdunjour.fr\/?page_id=805","og_site_name":"Tables et Fleurs d&#039;Un Jour","article_modified_time":"2023-05-12T16:17:39+00:00","twitter_misc":{"Dur\u00e9e de lecture estim\u00e9e":"3 minutes"},"schema":{"@context":"https:\/\/schema.org","@graph":[{"@type":"WebPage","@id":"https:\/\/tablesfleursdunjour.fr\/?page_id=805","url":"https:\/\/tablesfleursdunjour.fr\/?page_id=805","name":"Conditions g\u00e9n\u00e9rales d'utilisation - Tables et Fleurs d&#039;Un Jour","isPartOf":{"@id":"https:\/\/tablesfleursdunjour.fr\/#website"},"datePublished":"2023-05-12T16:17:38+00:00","dateModified":"2023-05-12T16:17:39+00:00","inLanguage":"fr-FR","potentialAction":[{"@type":"ReadAction","target":["https:\/\/tablesfleursdunjour.fr\/?page_id=805"]}]},{"@type":"WebSite","@id":"https:\/\/tablesfleursdunjour.fr\/#website","url":"https:\/\/tablesfleursdunjour.fr\/","name":"Tables et Fleurs d&#039;Un Jour","description":"Wedding Design &amp; D\u00e9coration Florale","potentialAction":[{"@type":"SearchAction","target":{"@type":"EntryPoint","urlTemplate":"https:\/\/tablesfleursdunjour.fr\/?s={search_term_string}"},"query-input":{"@type":"PropertyValueSpecification","valueRequired":true,"valueName":"search_term_string"}}],"inLanguage":"fr-FR"}]}},"jetpack_sharing_enabled":true,"_links":{"self":[{"href":"https:\/\/tablesfleursdunjour.fr\/index.php?rest_route=\/wp\/v2\/pages\/805","targetHints":{"allow":["GET"]}}],"collection":[{"href":"https:\/\/tablesfleursdunjour.fr\/index.php?rest_route=\/wp\/v2\/pages"}],"about":[{"href":"https:\/\/tablesfleursdunjour.fr\/index.php?rest_route=\/wp\/v2\/types\/page"}],"author":[{"embeddable":true,"href":"https:\/\/tablesfleursdunjour.fr\/index.php?rest_route=\/wp\/v2\/users\/1"}],"replies":[{"embeddable":true,"href":"https:\/\/tablesfleursdunjour.fr\/index.php?rest_route=%2Fwp%2Fv2%2Fcomments&post=805"}],"version-history":[{"count":1,"href":"https:\/\/tablesfleursdunjour.fr\/index.php?rest_route=\/wp\/v2\/pages\/805\/revisions"}],"predecessor-version":[{"id":806,"href":"https:\/\/tablesfleursdunjour.fr\/index.php?rest_route=\/wp\/v2\/pages\/805\/revisions\/806"}],"wp:attachment":[{"href":"https:\/\/tablesfleursdunjour.fr\/index.php?rest_route=%2Fwp%2Fv2%2Fmedia&parent=805"}],"curies":[{"name":"wp","href":"https:\/\/api.w.org\/{rel}","templated":true}]}}