{"id":800,"date":"2023-05-12T17:08:41","date_gmt":"2023-05-12T16:08:41","guid":{"rendered":"https:\/\/tablesfleursdunjour.fr\/?page_id=800"},"modified":"2023-05-12T17:08:43","modified_gmt":"2023-05-12T16:08:43","slug":"mentions-legales","status":"publish","type":"page","link":"https:\/\/tablesfleursdunjour.fr\/?page_id=800","title":{"rendered":"MENTIONS LEGALES"},"content":{"rendered":"\n<h2 class=\"wp-block-heading\">Editeur du site<\/h2>\n\n\n\n<p><strong>D\u00e9nomination et raison sociale :<\/strong>\u00a0Tables et Fleurs d&rsquo;un Jour<br><strong>Repr\u00e9sentant l\u00e9gal :<\/strong>\u00a0ESCARABAJAL Sandrine<br><strong>Adresse du si\u00e8ge social :<\/strong>\u00a017 rue de la Mare Capitaine 77680 Roissy en Brie<br><strong>Num\u00e9ro de SIRET :<\/strong>\u00a083894548300017<br><\/p>\n\n\n\n<h2 class=\"wp-block-heading\">Pour entrer en contact facilement avec l\u2019\u00e9diteur du site<\/h2>\n\n\n\n<p><strong>Adresse email :<\/strong>\u00a0sandrine@tablesfleursdunjour.fr<\/p>\n\n\n\n<p><strong>Site web :<\/strong>\u00a0https:\/\/tablesfleursdunjour.fr<\/p>\n\n\n\n<h2 class=\"wp-block-heading\">Responsable de la r\u00e9daction<\/h2>\n\n\n\n<p><strong>Conception du Site :<\/strong>\u00a0VS DESIGN<\/p>\n\n\n\n<h2 class=\"wp-block-heading\">H\u00e9bergeur du site<\/h2>\n\n\n\n<p>Ce site est h\u00e9berg\u00e9 par :<br><strong>Nom :<\/strong>\u00a0LWS<br><strong>Adresse compl\u00e8te :<\/strong>\u00a010 Rue de Penthi\u00e8vre, 75008 Paris<br><strong>Num\u00e9ro de t\u00e9l\u00e9phone :<\/strong>\u00a001 77 62 30 03<\/p>\n","protected":false},"excerpt":{"rendered":"<p>Editeur du site D\u00e9nomination et raison sociale :\u00a0Tables et Fleurs d&rsquo;un JourRepr\u00e9sentant l\u00e9gal :\u00a0ESCARABAJAL SandrineAdresse du si\u00e8ge social :\u00a017 rue de la Mare Capitaine 77680 Roissy en BrieNum\u00e9ro de SIRET :\u00a083894548300017 Pour entrer en contact facilement avec l\u2019\u00e9diteur du site Adresse email :\u00a0sandrine@tablesfleursdunjour.fr Site web :\u00a0https:\/\/tablesfleursdunjour.fr Responsable de la r\u00e9daction Conception du Site :\u00a0VS DESIGN H\u00e9bergeur du site Ce site est h\u00e9berg\u00e9 par :Nom :\u00a0LWSAdresse compl\u00e8te :\u00a010 Rue de Penthi\u00e8vre, 75008 ParisNum\u00e9ro de t\u00e9l\u00e9phone :\u00a001 77 62 30 03<\/p>\n","protected":false},"author":1,"featured_media":0,"parent":0,"menu_order":0,"comment_status":"closed","ping_status":"closed","template":"","meta":{"footnotes":""},"class_list":["post-800","page","type-page","status-publish","hentry","entry"],"yoast_head":"<!-- This site is optimized with the Yoast SEO plugin v27.5 - https:\/\/yoast.com\/product\/yoast-seo-wordpress\/ -->\n<title>MENTIONS LEGALES - Tables et Fleurs d&#039;Un Jour<\/title>\n<meta name=\"robots\" content=\"index, follow, max-snippet:-1, max-image-preview:large, max-video-preview:-1\" \/>\n<link rel=\"canonical\" href=\"https:\/\/tablesfleursdunjour.fr\/?page_id=800\" \/>\n<meta property=\"og:locale\" content=\"fr_FR\" \/>\n<meta property=\"og:type\" content=\"article\" \/>\n<meta property=\"og:title\" content=\"MENTIONS LEGALES - Tables et Fleurs d&#039;Un Jour\" \/>\n<meta property=\"og:description\" content=\"Editeur du site D\u00e9nomination et raison sociale :\u00a0Tables et Fleurs d&rsquo;un JourRepr\u00e9sentant l\u00e9gal :\u00a0ESCARABAJAL SandrineAdresse du si\u00e8ge social :\u00a017 rue de la Mare Capitaine 77680 Roissy en BrieNum\u00e9ro de SIRET :\u00a083894548300017 Pour entrer en contact facilement avec l\u2019\u00e9diteur du site Adresse email :\u00a0sandrine@tablesfleursdunjour.fr Site web :\u00a0https:\/\/tablesfleursdunjour.fr Responsable de la r\u00e9daction Conception du Site :\u00a0VS DESIGN H\u00e9bergeur du site Ce site est h\u00e9berg\u00e9 par :Nom :\u00a0LWSAdresse compl\u00e8te :\u00a010 Rue de Penthi\u00e8vre, 75008 ParisNum\u00e9ro de t\u00e9l\u00e9phone :\u00a001 77 62 30 03\" \/>\n<meta property=\"og:url\" content=\"https:\/\/tablesfleursdunjour.fr\/?page_id=800\" \/>\n<meta property=\"og:site_name\" content=\"Tables et Fleurs d&#039;Un Jour\" \/>\n<meta property=\"article:modified_time\" content=\"2023-05-12T16:08:43+00:00\" \/>\n<meta name=\"twitter:label1\" content=\"Dur\u00e9e de lecture estim\u00e9e\" \/>\n\t<meta name=\"twitter:data1\" content=\"1 minute\" \/>\n<script type=\"application\/ld+json\" class=\"yoast-schema-graph\">{\"@context\":\"https:\\\/\\\/schema.org\",\"@graph\":[{\"@type\":\"WebPage\",\"@id\":\"https:\\\/\\\/tablesfleursdunjour.fr\\\/?page_id=800\",\"url\":\"https:\\\/\\\/tablesfleursdunjour.fr\\\/?page_id=800\",\"name\":\"MENTIONS LEGALES - Tables et Fleurs d&#039;Un Jour\",\"isPartOf\":{\"@id\":\"https:\\\/\\\/tablesfleursdunjour.fr\\\/#website\"},\"datePublished\":\"2023-05-12T16:08:41+00:00\",\"dateModified\":\"2023-05-12T16:08:43+00:00\",\"inLanguage\":\"fr-FR\",\"potentialAction\":[{\"@type\":\"ReadAction\",\"target\":[\"https:\\\/\\\/tablesfleursdunjour.fr\\\/?page_id=800\"]}]},{\"@type\":\"WebSite\",\"@id\":\"https:\\\/\\\/tablesfleursdunjour.fr\\\/#website\",\"url\":\"https:\\\/\\\/tablesfleursdunjour.fr\\\/\",\"name\":\"Tables et Fleurs d&#039;Un Jour\",\"description\":\"Wedding Design &amp; D\u00e9coration Florale\",\"potentialAction\":[{\"@type\":\"SearchAction\",\"target\":{\"@type\":\"EntryPoint\",\"urlTemplate\":\"https:\\\/\\\/tablesfleursdunjour.fr\\\/?s={search_term_string}\"},\"query-input\":{\"@type\":\"PropertyValueSpecification\",\"valueRequired\":true,\"valueName\":\"search_term_string\"}}],\"inLanguage\":\"fr-FR\"}]}<\/script>\n<!-- \/ Yoast SEO plugin. -->","yoast_head_json":{"title":"MENTIONS LEGALES - Tables et Fleurs d&#039;Un Jour","robots":{"index":"index","follow":"follow","max-snippet":"max-snippet:-1","max-image-preview":"max-image-preview:large","max-video-preview":"max-video-preview:-1"},"canonical":"https:\/\/tablesfleursdunjour.fr\/?page_id=800","og_locale":"fr_FR","og_type":"article","og_title":"MENTIONS LEGALES - Tables et Fleurs d&#039;Un Jour","og_description":"Editeur du site D\u00e9nomination et raison sociale :\u00a0Tables et Fleurs d&rsquo;un JourRepr\u00e9sentant l\u00e9gal :\u00a0ESCARABAJAL SandrineAdresse du si\u00e8ge social :\u00a017 rue de la Mare Capitaine 77680 Roissy en BrieNum\u00e9ro de SIRET :\u00a083894548300017 Pour entrer en contact facilement avec l\u2019\u00e9diteur du site Adresse email :\u00a0sandrine@tablesfleursdunjour.fr Site web :\u00a0https:\/\/tablesfleursdunjour.fr Responsable de la r\u00e9daction Conception du Site :\u00a0VS DESIGN H\u00e9bergeur du site Ce site est h\u00e9berg\u00e9 par :Nom :\u00a0LWSAdresse compl\u00e8te :\u00a010 Rue de Penthi\u00e8vre, 75008 ParisNum\u00e9ro de t\u00e9l\u00e9phone :\u00a001 77 62 30 03","og_url":"https:\/\/tablesfleursdunjour.fr\/?page_id=800","og_site_name":"Tables et Fleurs d&#039;Un Jour","article_modified_time":"2023-05-12T16:08:43+00:00","twitter_misc":{"Dur\u00e9e de lecture estim\u00e9e":"1 minute"},"schema":{"@context":"https:\/\/schema.org","@graph":[{"@type":"WebPage","@id":"https:\/\/tablesfleursdunjour.fr\/?page_id=800","url":"https:\/\/tablesfleursdunjour.fr\/?page_id=800","name":"MENTIONS LEGALES - Tables et Fleurs d&#039;Un Jour","isPartOf":{"@id":"https:\/\/tablesfleursdunjour.fr\/#website"},"datePublished":"2023-05-12T16:08:41+00:00","dateModified":"2023-05-12T16:08:43+00:00","inLanguage":"fr-FR","potentialAction":[{"@type":"ReadAction","target":["https:\/\/tablesfleursdunjour.fr\/?page_id=800"]}]},{"@type":"WebSite","@id":"https:\/\/tablesfleursdunjour.fr\/#website","url":"https:\/\/tablesfleursdunjour.fr\/","name":"Tables et Fleurs d&#039;Un Jour","description":"Wedding Design &amp; D\u00e9coration Florale","potentialAction":[{"@type":"SearchAction","target":{"@type":"EntryPoint","urlTemplate":"https:\/\/tablesfleursdunjour.fr\/?s={search_term_string}"},"query-input":{"@type":"PropertyValueSpecification","valueRequired":true,"valueName":"search_term_string"}}],"inLanguage":"fr-FR"}]}},"jetpack_sharing_enabled":true,"_links":{"self":[{"href":"https:\/\/tablesfleursdunjour.fr\/index.php?rest_route=\/wp\/v2\/pages\/800","targetHints":{"allow":["GET"]}}],"collection":[{"href":"https:\/\/tablesfleursdunjour.fr\/index.php?rest_route=\/wp\/v2\/pages"}],"about":[{"href":"https:\/\/tablesfleursdunjour.fr\/index.php?rest_route=\/wp\/v2\/types\/page"}],"author":[{"embeddable":true,"href":"https:\/\/tablesfleursdunjour.fr\/index.php?rest_route=\/wp\/v2\/users\/1"}],"replies":[{"embeddable":true,"href":"https:\/\/tablesfleursdunjour.fr\/index.php?rest_route=%2Fwp%2Fv2%2Fcomments&post=800"}],"version-history":[{"count":1,"href":"https:\/\/tablesfleursdunjour.fr\/index.php?rest_route=\/wp\/v2\/pages\/800\/revisions"}],"predecessor-version":[{"id":801,"href":"https:\/\/tablesfleursdunjour.fr\/index.php?rest_route=\/wp\/v2\/pages\/800\/revisions\/801"}],"wp:attachment":[{"href":"https:\/\/tablesfleursdunjour.fr\/index.php?rest_route=%2Fwp%2Fv2%2Fmedia&parent=800"}],"curies":[{"name":"wp","href":"https:\/\/api.w.org\/{rel}","templated":true}]}}