{"id":200,"date":"2023-05-04T09:36:48","date_gmt":"2023-05-04T08:36:48","guid":{"rendered":"https:\/\/tablesfleursdunjour.fr\/?page_id=200"},"modified":"2023-06-07T01:03:08","modified_gmt":"2023-06-07T00:03:08","slug":"location-de-materiel","status":"publish","type":"page","link":"https:\/\/tablesfleursdunjour.fr\/?page_id=200","title":{"rendered":"Location de Mat\u00e9riel"},"content":{"rendered":"\t\t<div data-elementor-type=\"wp-page\" data-elementor-id=\"200\" class=\"elementor elementor-200\" data-elementor-post-type=\"page\">\n\t\t\t\t\t\t<section class=\"elementor-section elementor-top-section elementor-element elementor-element-27bdde8 elementor-section-stretched elementor-section-boxed elementor-section-height-default elementor-section-height-default wpr-particle-no wpr-jarallax-no wpr-parallax-no wpr-sticky-section-no wpr-column-slider-no wpr-equal-height-no\" data-id=\"27bdde8\" data-element_type=\"section\" data-e-type=\"section\" data-settings=\"{&quot;stretch_section&quot;:&quot;section-stretched&quot;}\">\n\t\t\t\t\t\t<div class=\"elementor-container elementor-column-gap-default\">\n\t\t\t\t\t<div class=\"elementor-column elementor-col-100 elementor-top-column elementor-element elementor-element-acf1629\" data-id=\"acf1629\" data-element_type=\"column\" data-e-type=\"column\">\n\t\t\t<div class=\"elementor-widget-wrap elementor-element-populated\">\n\t\t\t\t\t\t<div class=\"elementor-element elementor-element-35d93b2 elementor-widget elementor-widget-qi_addons_for_elementor_banner\" data-id=\"35d93b2\" data-element_type=\"widget\" data-e-type=\"widget\" data-widget_type=\"qi_addons_for_elementor_banner.default\">\n\t\t\t\t<div class=\"elementor-widget-container\">\n\t\t\t\t\t<div class=\"qodef-shortcode qodef-m qodef-qi-banner qodef-layout--standard qodef-vertical--bottom qodef-horizontal--left qodef-image--hover-zoom\">\n\t<div class=\"qodef-m-image\">\n\t<img fetchpriority=\"high\" decoding=\"async\" width=\"2560\" height=\"1244\" src=\"https:\/\/tablesfleursdunjour.fr\/wp-content\/uploads\/2023\/06\/B725cd87d-9871-48eb-b499-dce6bb0e8b28_table-tendance-ete-2020-scaled.jpg\" class=\"attachment-full size-full\" alt=\"\" srcset=\"https:\/\/tablesfleursdunjour.fr\/wp-content\/uploads\/2023\/06\/B725cd87d-9871-48eb-b499-dce6bb0e8b28_table-tendance-ete-2020-scaled.jpg 2560w, https:\/\/tablesfleursdunjour.fr\/wp-content\/uploads\/2023\/06\/B725cd87d-9871-48eb-b499-dce6bb0e8b28_table-tendance-ete-2020-350x170.jpg 350w, https:\/\/tablesfleursdunjour.fr\/wp-content\/uploads\/2023\/06\/B725cd87d-9871-48eb-b499-dce6bb0e8b28_table-tendance-ete-2020-1024x498.jpg 1024w, https:\/\/tablesfleursdunjour.fr\/wp-content\/uploads\/2023\/06\/B725cd87d-9871-48eb-b499-dce6bb0e8b28_table-tendance-ete-2020-768x373.jpg 768w, https:\/\/tablesfleursdunjour.fr\/wp-content\/uploads\/2023\/06\/B725cd87d-9871-48eb-b499-dce6bb0e8b28_table-tendance-ete-2020-1536x746.jpg 1536w, https:\/\/tablesfleursdunjour.fr\/wp-content\/uploads\/2023\/06\/B725cd87d-9871-48eb-b499-dce6bb0e8b28_table-tendance-ete-2020-2048x995.jpg 2048w, https:\/\/tablesfleursdunjour.fr\/wp-content\/uploads\/2023\/06\/B725cd87d-9871-48eb-b499-dce6bb0e8b28_table-tendance-ete-2020-1320x641.jpg 1320w\" sizes=\"(max-width: 2560px) 100vw, 2560px\" \/><\/div>\n\t<div class=\"qodef-m-content\">\n\t\t<div class=\"qodef-m-content-inner\">\n\t\t\t\t\t\t\t\t\t\t\t\t\t\t<\/div>\n\t<\/div>\n\t<\/div>\n\t\t\t\t<\/div>\n\t\t\t\t<\/div>\n\t\t\t\t<div class=\"elementor-element elementor-element-2dde2d3 elementor-widget-divider--separator-type-pattern elementor-widget-divider--view-line elementor-widget elementor-widget-divider\" data-id=\"2dde2d3\" data-element_type=\"widget\" data-e-type=\"widget\" data-widget_type=\"divider.default\">\n\t\t\t\t<div class=\"elementor-widget-container\">\n\t\t\t\t\t\t\t<div class=\"elementor-divider\" style=\"--divider-pattern-url: url(&quot;data:image\/svg+xml,%3Csvg xmlns=&#039;http:\/\/www.w3.org\/2000\/svg&#039; preserveAspectRatio=&#039;none&#039; overflow=&#039;visible&#039; height=&#039;100%&#039; viewBox=&#039;0 0 24 24&#039; fill=&#039;black&#039; stroke=&#039;none&#039;%3E%3Cpath d=&#039;M12.7,2.3c-0.4-0.4-1.1-0.4-1.5,0l-8,9.1c-0.3,0.4-0.3,0.9,0,1.2l8,9.1c0.4,0.4,1.1,0.4,1.5,0l8-9.1c0.3-0.4,0.3-0.9,0-1.2L12.7,2.3z&#039;\/%3E%3C\/svg%3E&quot;);\">\n\t\t\t<span class=\"elementor-divider-separator\">\n\t\t\t\t\t\t<\/span>\n\t\t<\/div>\n\t\t\t\t\t\t<\/div>\n\t\t\t\t<\/div>\n\t\t\t\t\t<\/div>\n\t\t<\/div>\n\t\t\t\t\t<\/div>\n\t\t<\/section>\n\t\t\t\t<section class=\"elementor-section elementor-top-section elementor-element elementor-element-d03e7ed elementor-section-boxed elementor-section-height-default elementor-section-height-default wpr-particle-no wpr-jarallax-no wpr-parallax-no wpr-sticky-section-no wpr-column-slider-no wpr-equal-height-no\" data-id=\"d03e7ed\" data-element_type=\"section\" data-e-type=\"section\">\n\t\t\t\t\t\t<div class=\"elementor-container elementor-column-gap-default\">\n\t\t\t\t\t<div class=\"elementor-column elementor-col-100 elementor-top-column elementor-element elementor-element-fe38560\" data-id=\"fe38560\" data-element_type=\"column\" data-e-type=\"column\">\n\t\t\t<div class=\"elementor-widget-wrap elementor-element-populated\">\n\t\t\t\t\t\t<div class=\"elementor-element elementor-element-e24636e elementor-widget elementor-widget-text-editor\" data-id=\"e24636e\" data-element_type=\"widget\" data-e-type=\"widget\" data-widget_type=\"text-editor.default\">\n\t\t\t\t<div class=\"elementor-widget-container\">\n\t\t\t\t\t\t\t\t\t<p>Vous avez d\u00e9cid\u00e9 de vous occuper vous-m\u00eame de la d\u00e9coration de votre prochain \u00e9v\u00e9nement priv\u00e9 ou professionnel<\/p><p>mais vous ne savez pas o\u00f9 trouver le mat\u00e9riel ad\u00e9quat ? Nous sommes l\u00e0 pour vous y aider en vous proposant de nombreux<\/p><p>articles \u00e0 la location ! Que ce soit de la vaisselle, des objets th\u00e9matiques ou m\u00eame une arche de c\u00e9r\u00e9monie, nous offrons<\/p><p>une large gamme dans notre catalogue que nous \u00e9tofferons au fil du temps. Feuilletez-le tranquillement chez vous,<\/p><p>et si vous avez la moindre question,\u00a0 n&rsquo;h\u00e9sitez pas \u00e0 nous envoyer un message via le formulaire de contact,<\/p><p>ou simplement nous appeler.<\/p>\t\t\t\t\t\t\t\t<\/div>\n\t\t\t\t<\/div>\n\t\t\t\t\t<\/div>\n\t\t<\/div>\n\t\t\t\t\t<\/div>\n\t\t<\/section>\n\t\t\t\t<section class=\"elementor-section elementor-top-section elementor-element elementor-element-91bbb78 elementor-section-stretched elementor-section-boxed elementor-section-height-default elementor-section-height-default wpr-particle-no wpr-jarallax-no wpr-parallax-no wpr-sticky-section-no wpr-column-slider-no wpr-equal-height-no\" data-id=\"91bbb78\" data-element_type=\"section\" data-e-type=\"section\" data-settings=\"{&quot;stretch_section&quot;:&quot;section-stretched&quot;,&quot;background_background&quot;:&quot;classic&quot;}\">\n\t\t\t\t\t\t<div class=\"elementor-container elementor-column-gap-default\">\n\t\t\t\t\t<div class=\"elementor-column elementor-col-50 elementor-top-column elementor-element elementor-element-afc99ec\" data-id=\"afc99ec\" data-element_type=\"column\" data-e-type=\"column\">\n\t\t\t<div class=\"elementor-widget-wrap elementor-element-populated\">\n\t\t\t\t\t\t<div class=\"elementor-element elementor-element-8009287 elementor-widget elementor-widget-image\" data-id=\"8009287\" data-element_type=\"widget\" data-e-type=\"widget\" data-widget_type=\"image.default\">\n\t\t\t\t<div class=\"elementor-widget-container\">\n\t\t\t\t\t\t\t\t\t\t\t\t\t\t\t<img decoding=\"async\" width=\"976\" height=\"1024\" src=\"https:\/\/tablesfleursdunjour.fr\/wp-content\/uploads\/2023\/05\/O6CBN71-976x1024.png\" class=\"attachment-large size-large wp-image-1386\" alt=\"\" srcset=\"https:\/\/tablesfleursdunjour.fr\/wp-content\/uploads\/2023\/05\/O6CBN71-976x1024.png 976w, https:\/\/tablesfleursdunjour.fr\/wp-content\/uploads\/2023\/05\/O6CBN71-334x350.png 334w, https:\/\/tablesfleursdunjour.fr\/wp-content\/uploads\/2023\/05\/O6CBN71-768x806.png 768w, https:\/\/tablesfleursdunjour.fr\/wp-content\/uploads\/2023\/05\/O6CBN71-1464x1536.png 1464w, https:\/\/tablesfleursdunjour.fr\/wp-content\/uploads\/2023\/05\/O6CBN71-1952x2048.png 1952w, https:\/\/tablesfleursdunjour.fr\/wp-content\/uploads\/2023\/05\/O6CBN71-1320x1385.png 1320w, https:\/\/tablesfleursdunjour.fr\/wp-content\/uploads\/2023\/05\/O6CBN71.png 2002w\" sizes=\"(max-width: 976px) 100vw, 976px\" \/>\t\t\t\t\t\t\t\t\t\t\t\t\t\t\t<\/div>\n\t\t\t\t<\/div>\n\t\t\t\t<div class=\"elementor-element elementor-element-86f3286 elementor-widget elementor-widget-heading\" data-id=\"86f3286\" data-element_type=\"widget\" data-e-type=\"widget\" data-widget_type=\"heading.default\">\n\t\t\t\t<div class=\"elementor-widget-container\">\n\t\t\t\t\t<h2 class=\"elementor-heading-title elementor-size-default\">T\u00e9l\u00e9charger notre catalogue<\/h2>\t\t\t\t<\/div>\n\t\t\t\t<\/div>\n\t\t\t\t\t<\/div>\n\t\t<\/div>\n\t\t\t\t<div class=\"elementor-column elementor-col-50 elementor-top-column elementor-element elementor-element-5d950e7\" data-id=\"5d950e7\" data-element_type=\"column\" data-e-type=\"column\">\n\t\t\t<div class=\"elementor-widget-wrap elementor-element-populated\">\n\t\t\t\t\t\t<div class=\"elementor-element elementor-element-b352835 elementor-skin-carousel elementor-arrows-yes elementor-pagination-type-bullets elementor-pagination-position-outside elementor-widget elementor-widget-media-carousel\" data-id=\"b352835\" data-element_type=\"widget\" data-e-type=\"widget\" data-settings=\"{&quot;effect&quot;:&quot;cube&quot;,&quot;skin&quot;:&quot;carousel&quot;,&quot;show_arrows&quot;:&quot;yes&quot;,&quot;pagination&quot;:&quot;bullets&quot;,&quot;speed&quot;:500,&quot;autoplay&quot;:&quot;yes&quot;,&quot;autoplay_speed&quot;:5000,&quot;loop&quot;:&quot;yes&quot;,&quot;pause_on_hover&quot;:&quot;yes&quot;,&quot;pause_on_interaction&quot;:&quot;yes&quot;,&quot;space_between&quot;:{&quot;unit&quot;:&quot;px&quot;,&quot;size&quot;:10,&quot;sizes&quot;:[]},&quot;space_between_tablet&quot;:{&quot;unit&quot;:&quot;px&quot;,&quot;size&quot;:10,&quot;sizes&quot;:[]},&quot;space_between_mobile&quot;:{&quot;unit&quot;:&quot;px&quot;,&quot;size&quot;:10,&quot;sizes&quot;:[]}}\" data-widget_type=\"media-carousel.default\">\n\t\t\t\t<div class=\"elementor-widget-container\">\n\t\t\t\t\t\t\t\t\t<div class=\"elementor-swiper\">\n\t\t\t\t\t<div class=\"elementor-main-swiper swiper\" role=\"region\" aria-roledescription=\"carousel\" aria-label=\"Diapositives\">\n\t\t\t\t<div class=\"swiper-wrapper\">\n\t\t\t\t\t\t\t\t\t\t\t<div class=\"swiper-slide\" role=\"group\" aria-roledescription=\"slide\">\n\t\t\t\t\t\t\t\t\t<div class=\"elementor-carousel-image\" role=\"img\" aria-label=\"chandelier dore\u0301\" style=\"background-image: url(&#039;https:\/\/tablesfleursdunjour.fr\/wp-content\/uploads\/2023\/05\/chandelier-dore-1.jpg&#039;)\">\n\n\t\t\t\n\t\t\t\t\t<\/div>\n\t\t\t\t\t\t\t\t<\/div>\n\t\t\t\t\t\t\t\t\t\t\t<div class=\"swiper-slide\" role=\"group\" aria-roledescription=\"slide\">\n\t\t\t\t\t\t\t\t\t<div class=\"elementor-carousel-image\" role=\"img\" aria-label=\"fauteuil-baroque-blanc-Louis-XV\" style=\"background-image: url(&#039;https:\/\/tablesfleursdunjour.fr\/wp-content\/uploads\/2023\/05\/fauteuil-baroque-blanc-Louis-XV.jpg&#039;)\">\n\n\t\t\t\n\t\t\t\t\t<\/div>\n\t\t\t\t\t\t\t\t<\/div>\n\t\t\t\t\t\t\t\t\t\t\t<div class=\"swiper-slide\" role=\"group\" aria-roledescription=\"slide\">\n\t\t\t\t\t\t\t\t\t<div class=\"elementor-carousel-image\" role=\"img\" aria-label=\"duo de vase 2 web\" style=\"background-image: url(&#039;https:\/\/tablesfleursdunjour.fr\/wp-content\/uploads\/2023\/05\/duo-de-vase-2-web.jpg&#039;)\">\n\n\t\t\t\n\t\t\t\t\t<\/div>\n\t\t\t\t\t\t\t\t<\/div>\n\t\t\t\t\t\t\t\t\t\t\t<div class=\"swiper-slide\" role=\"group\" aria-roledescription=\"slide\">\n\t\t\t\t\t\t\t\t\t<div class=\"elementor-carousel-image\" role=\"img\" aria-label=\"te\u0301le\u0301phone vintage\" style=\"background-image: url(&#039;https:\/\/tablesfleursdunjour.fr\/wp-content\/uploads\/2023\/05\/telephone-vintage-scaled.jpg&#039;)\">\n\n\t\t\t\n\t\t\t\t\t<\/div>\n\t\t\t\t\t\t\t\t<\/div>\n\t\t\t\t\t\t\t\t\t\t\t<div class=\"swiper-slide\" role=\"group\" aria-roledescription=\"slide\">\n\t\t\t\t\t\t\t\t\t<div class=\"elementor-carousel-image\" role=\"img\" aria-label=\"lanterne 1 web\" style=\"background-image: url(&#039;https:\/\/tablesfleursdunjour.fr\/wp-content\/uploads\/2023\/05\/lanterne-1-web.jpg&#039;)\">\n\n\t\t\t\n\t\t\t\t\t<\/div>\n\t\t\t\t\t\t\t\t<\/div>\n\t\t\t\t\t\t\t\t\t\t\t<div class=\"swiper-slide\" role=\"group\" aria-roledescription=\"slide\">\n\t\t\t\t\t\t\t\t\t<div class=\"elementor-carousel-image\" role=\"img\" aria-label=\"ASSIETTE CARREE\" style=\"background-image: url(&#039;https:\/\/tablesfleursdunjour.fr\/wp-content\/uploads\/2023\/05\/ASSIETTE-CARREE.jpg&#039;)\">\n\n\t\t\t\n\t\t\t\t\t<\/div>\n\t\t\t\t\t\t\t\t<\/div>\n\t\t\t\t\t\t\t\t\t\t\t<div class=\"swiper-slide\" role=\"group\" aria-roledescription=\"slide\">\n\t\t\t\t\t\t\t\t\t<div class=\"elementor-carousel-image\" role=\"img\" aria-label=\"arche-ronde-mariage-230m\" style=\"background-image: url(&#039;https:\/\/tablesfleursdunjour.fr\/wp-content\/uploads\/2023\/05\/arche-ronde-mariage-230m.jpg&#039;)\">\n\n\t\t\t\n\t\t\t\t\t<\/div>\n\t\t\t\t\t\t\t\t<\/div>\n\t\t\t\t\t\t\t\t\t\t\t<div class=\"swiper-slide\" role=\"group\" aria-roledescription=\"slide\">\n\t\t\t\t\t\t\t\t\t<div class=\"elementor-carousel-image\" role=\"img\" aria-label=\"arche-mariage-bois\" style=\"background-image: url(&#039;https:\/\/tablesfleursdunjour.fr\/wp-content\/uploads\/2023\/05\/arche-mariage-bois.jpg&#039;)\">\n\n\t\t\t\n\t\t\t\t\t<\/div>\n\t\t\t\t\t\t\t\t<\/div>\n\t\t\t\t\t\t\t\t\t\t\t<div class=\"swiper-slide\" role=\"group\" aria-roledescription=\"slide\">\n\t\t\t\t\t\t\t\t\t<div class=\"elementor-carousel-image\" role=\"img\" aria-label=\"5605f22e9e544cf18ac16fe598a3461e-image\" style=\"background-image: url(&#039;https:\/\/tablesfleursdunjour.fr\/wp-content\/uploads\/2023\/05\/5605f22e9e544cf18ac16fe598a3461e-image.webp&#039;)\">\n\n\t\t\t\n\t\t\t\t\t<\/div>\n\t\t\t\t\t\t\t\t<\/div>\n\t\t\t\t\t\t\t\t\t\t\t<div class=\"swiper-slide\" role=\"group\" aria-roledescription=\"slide\">\n\t\t\t\t\t\t\t\t\t<div class=\"elementor-carousel-image\" role=\"img\" aria-label=\"fauteuil osier web\" style=\"background-image: url(&#039;https:\/\/tablesfleursdunjour.fr\/wp-content\/uploads\/2023\/05\/fauteuil-osier-web.jpg&#039;)\">\n\n\t\t\t\n\t\t\t\t\t<\/div>\n\t\t\t\t\t\t\t\t<\/div>\n\t\t\t\t\t\t\t\t\t\t\t<div class=\"swiper-slide\" role=\"group\" aria-roledescription=\"slide\">\n\t\t\t\t\t\t\t\t\t<div class=\"elementor-carousel-image\" role=\"img\" aria-label=\"165763-ddfbfe982dc8437f9959d4a894391dbc_1024x1024\" style=\"background-image: url(&#039;https:\/\/tablesfleursdunjour.fr\/wp-content\/uploads\/2023\/05\/165763-ddfbfe982dc8437f9959d4a894391dbc_1024x1024.webp&#039;)\">\n\n\t\t\t\n\t\t\t\t\t<\/div>\n\t\t\t\t\t\t\t\t<\/div>\n\t\t\t\t\t\t\t\t\t<\/div>\n\t\t\t\t\t\t\t\t\t\t\t\t\t\t\t<div class=\"elementor-swiper-button elementor-swiper-button-prev\" role=\"button\" tabindex=\"0\" aria-label=\"Pr\u00e9c\u00e9dent\">\n\t\t\t\t\t\t\t<i aria-hidden=\"true\" class=\"eicon-chevron-left\"><\/i>\t\t\t\t\t\t<\/div>\n\t\t\t\t\t\t<div class=\"elementor-swiper-button elementor-swiper-button-next\" role=\"button\" tabindex=\"0\" aria-label=\"Suivant\">\n\t\t\t\t\t\t\t<i aria-hidden=\"true\" class=\"eicon-chevron-right\"><\/i>\t\t\t\t\t\t<\/div>\n\t\t\t\t\t\t\t\t\t\t\t\t\t\t\t\t<div class=\"swiper-pagination\"><\/div>\n\t\t\t\t\t\t\t\t\t\t\t\t<\/div>\n\t\t\t\t<\/div>\n\t\t\t\t\t\t\t\t<\/div>\n\t\t\t\t<\/div>\n\t\t\t\t<div class=\"elementor-element elementor-element-5cdf792 elementor-view-default elementor-widget elementor-widget-icon\" data-id=\"5cdf792\" data-element_type=\"widget\" data-e-type=\"widget\" data-widget_type=\"icon.default\">\n\t\t\t\t<div class=\"elementor-widget-container\">\n\t\t\t\t\t\t\t<div class=\"elementor-icon-wrapper\">\n\t\t\t<a class=\"elementor-icon\" href=\"https:\/\/tablesfleursdunjour.fr\/?page_id=1439\" target=\"_blank\">\n\t\t\t<i aria-hidden=\"true\" class=\"far fa-file-pdf\"><\/i>\t\t\t<\/a>\n\t\t<\/div>\n\t\t\t\t\t\t<\/div>\n\t\t\t\t<\/div>\n\t\t\t\t\t<\/div>\n\t\t<\/div>\n\t\t\t\t\t<\/div>\n\t\t<\/section>\n\t\t\t\t<section class=\"elementor-section elementor-top-section elementor-element elementor-element-56020a0 elementor-section-boxed elementor-section-height-default elementor-section-height-default wpr-particle-no wpr-jarallax-no wpr-parallax-no wpr-sticky-section-no wpr-column-slider-no wpr-equal-height-no\" data-id=\"56020a0\" data-element_type=\"section\" data-e-type=\"section\">\n\t\t\t\t\t\t<div class=\"elementor-container elementor-column-gap-default\">\n\t\t\t\t\t<div class=\"elementor-column elementor-col-100 elementor-top-column elementor-element elementor-element-5115105\" data-id=\"5115105\" data-element_type=\"column\" data-e-type=\"column\">\n\t\t\t<div class=\"elementor-widget-wrap elementor-element-populated\">\n\t\t\t\t\t\t<div class=\"elementor-element elementor-element-679b415 wpr-stt-btn-align-inline elementor-widget elementor-widget-global elementor-global-1011 elementor-widget-wpr-back-to-top\" data-id=\"679b415\" data-element_type=\"widget\" data-e-type=\"widget\" data-widget_type=\"wpr-back-to-top.default\">\n\t\t\t\t<div class=\"elementor-widget-container\">\n\t\t\t\t\t<div class=\"wpr-stt-wrapper\"><div class='wpr-stt-btn' data-settings='{&quot;animation&quot;:&quot;fade&quot;,&quot;animationOffset&quot;:&quot;0&quot;,&quot;animationDuration&quot;:&quot;200&quot;,&quot;fixed&quot;:&quot;inline&quot;,&quot;scrolAnim&quot;:&quot;800&quot;}'><span class=\"wpr-stt-icon\"><i class=\"fas fa-chevron-up\"><\/i><\/span><\/div><\/div>\t\t\t\t<\/div>\n\t\t\t\t<\/div>\n\t\t\t\t\t<\/div>\n\t\t<\/div>\n\t\t\t\t\t<\/div>\n\t\t<\/section>\n\t\t\t\t<\/div>\n\t\t","protected":false},"excerpt":{"rendered":"<p>Vous avez d\u00e9cid\u00e9 de vous occuper vous-m\u00eame de la d\u00e9coration de votre prochain \u00e9v\u00e9nement priv\u00e9 ou professionnel mais vous ne savez pas o\u00f9 trouver le mat\u00e9riel ad\u00e9quat ? Nous sommes l\u00e0 pour vous y aider en vous proposant de nombreux articles \u00e0 la location ! Que ce soit de la vaisselle, des objets th\u00e9matiques ou m\u00eame une arche de c\u00e9r\u00e9monie, nous offrons une large gamme dans notre catalogue que nous \u00e9tofferons au fil du temps. Feuilletez-le tranquillement chez vous, et si vous avez la moindre question,\u00a0 n&rsquo;h\u00e9sitez pas \u00e0 nous envoyer un message via le formulaire de contact, ou simplement nous appeler. T\u00e9l\u00e9charger notre catalogue Pr\u00e9c\u00e9dent Suivant<\/p>\n","protected":false},"author":1,"featured_media":0,"parent":0,"menu_order":0,"comment_status":"closed","ping_status":"closed","template":"","meta":{"footnotes":""},"class_list":["post-200","page","type-page","status-publish","hentry","entry"],"yoast_head":"<!-- This site is optimized with the Yoast SEO plugin v27.5 - https:\/\/yoast.com\/product\/yoast-seo-wordpress\/ -->\n<title>Location de Mat\u00e9riel - Tables et Fleurs d&#039;Un Jour<\/title>\n<meta name=\"robots\" content=\"index, follow, max-snippet:-1, max-image-preview:large, max-video-preview:-1\" \/>\n<link rel=\"canonical\" href=\"https:\/\/tablesfleursdunjour.fr\/?page_id=200\" \/>\n<meta property=\"og:locale\" content=\"fr_FR\" \/>\n<meta property=\"og:type\" content=\"article\" \/>\n<meta property=\"og:title\" content=\"Location de Mat\u00e9riel - Tables et Fleurs d&#039;Un Jour\" \/>\n<meta property=\"og:description\" content=\"Vous avez d\u00e9cid\u00e9 de vous occuper vous-m\u00eame de la d\u00e9coration de votre prochain \u00e9v\u00e9nement priv\u00e9 ou professionnel mais vous ne savez pas o\u00f9 trouver le mat\u00e9riel ad\u00e9quat ? Nous sommes l\u00e0 pour vous y aider en vous proposant de nombreux articles \u00e0 la location ! Que ce soit de la vaisselle, des objets th\u00e9matiques ou m\u00eame une arche de c\u00e9r\u00e9monie, nous offrons une large gamme dans notre catalogue que nous \u00e9tofferons au fil du temps. Feuilletez-le tranquillement chez vous, et si vous avez la moindre question,\u00a0 n&rsquo;h\u00e9sitez pas \u00e0 nous envoyer un message via le formulaire de contact, ou simplement nous appeler. T\u00e9l\u00e9charger notre catalogue Pr\u00e9c\u00e9dent Suivant\" \/>\n<meta property=\"og:url\" content=\"https:\/\/tablesfleursdunjour.fr\/?page_id=200\" \/>\n<meta property=\"og:site_name\" content=\"Tables et Fleurs d&#039;Un Jour\" \/>\n<meta property=\"article:modified_time\" content=\"2023-06-07T00:03:08+00:00\" \/>\n<meta property=\"og:image\" content=\"https:\/\/tablesfleursdunjour.fr\/wp-content\/uploads\/2023\/06\/B725cd87d-9871-48eb-b499-dce6bb0e8b28_table-tendance-ete-2020-scaled.jpg\" \/>\n<meta name=\"twitter:label1\" content=\"Dur\u00e9e de lecture estim\u00e9e\" \/>\n\t<meta name=\"twitter:data1\" content=\"1 minute\" \/>\n<script type=\"application\/ld+json\" class=\"yoast-schema-graph\">{\"@context\":\"https:\\\/\\\/schema.org\",\"@graph\":[{\"@type\":\"WebPage\",\"@id\":\"https:\\\/\\\/tablesfleursdunjour.fr\\\/?page_id=200\",\"url\":\"https:\\\/\\\/tablesfleursdunjour.fr\\\/?page_id=200\",\"name\":\"Location de Mat\u00e9riel - Tables et Fleurs d&#039;Un Jour\",\"isPartOf\":{\"@id\":\"https:\\\/\\\/tablesfleursdunjour.fr\\\/#website\"},\"primaryImageOfPage\":{\"@id\":\"https:\\\/\\\/tablesfleursdunjour.fr\\\/?page_id=200#primaryimage\"},\"image\":{\"@id\":\"https:\\\/\\\/tablesfleursdunjour.fr\\\/?page_id=200#primaryimage\"},\"thumbnailUrl\":\"https:\\\/\\\/tablesfleursdunjour.fr\\\/wp-content\\\/uploads\\\/2023\\\/06\\\/B725cd87d-9871-48eb-b499-dce6bb0e8b28_table-tendance-ete-2020-scaled.jpg\",\"datePublished\":\"2023-05-04T08:36:48+00:00\",\"dateModified\":\"2023-06-07T00:03:08+00:00\",\"inLanguage\":\"fr-FR\",\"potentialAction\":[{\"@type\":\"ReadAction\",\"target\":[\"https:\\\/\\\/tablesfleursdunjour.fr\\\/?page_id=200\"]}]},{\"@type\":\"ImageObject\",\"inLanguage\":\"fr-FR\",\"@id\":\"https:\\\/\\\/tablesfleursdunjour.fr\\\/?page_id=200#primaryimage\",\"url\":\"https:\\\/\\\/tablesfleursdunjour.fr\\\/wp-content\\\/uploads\\\/2023\\\/06\\\/B725cd87d-9871-48eb-b499-dce6bb0e8b28_table-tendance-ete-2020-scaled.jpg\",\"contentUrl\":\"https:\\\/\\\/tablesfleursdunjour.fr\\\/wp-content\\\/uploads\\\/2023\\\/06\\\/B725cd87d-9871-48eb-b499-dce6bb0e8b28_table-tendance-ete-2020-scaled.jpg\",\"width\":2560,\"height\":1244},{\"@type\":\"WebSite\",\"@id\":\"https:\\\/\\\/tablesfleursdunjour.fr\\\/#website\",\"url\":\"https:\\\/\\\/tablesfleursdunjour.fr\\\/\",\"name\":\"Tables et Fleurs d&#039;Un Jour\",\"description\":\"Wedding Design &amp; D\u00e9coration Florale\",\"potentialAction\":[{\"@type\":\"SearchAction\",\"target\":{\"@type\":\"EntryPoint\",\"urlTemplate\":\"https:\\\/\\\/tablesfleursdunjour.fr\\\/?s={search_term_string}\"},\"query-input\":{\"@type\":\"PropertyValueSpecification\",\"valueRequired\":true,\"valueName\":\"search_term_string\"}}],\"inLanguage\":\"fr-FR\"}]}<\/script>\n<!-- \/ Yoast SEO plugin. -->","yoast_head_json":{"title":"Location de Mat\u00e9riel - Tables et Fleurs d&#039;Un Jour","robots":{"index":"index","follow":"follow","max-snippet":"max-snippet:-1","max-image-preview":"max-image-preview:large","max-video-preview":"max-video-preview:-1"},"canonical":"https:\/\/tablesfleursdunjour.fr\/?page_id=200","og_locale":"fr_FR","og_type":"article","og_title":"Location de Mat\u00e9riel - Tables et Fleurs d&#039;Un Jour","og_description":"Vous avez d\u00e9cid\u00e9 de vous occuper vous-m\u00eame de la d\u00e9coration de votre prochain \u00e9v\u00e9nement priv\u00e9 ou professionnel mais vous ne savez pas o\u00f9 trouver le mat\u00e9riel ad\u00e9quat ? Nous sommes l\u00e0 pour vous y aider en vous proposant de nombreux articles \u00e0 la location ! Que ce soit de la vaisselle, des objets th\u00e9matiques ou m\u00eame une arche de c\u00e9r\u00e9monie, nous offrons une large gamme dans notre catalogue que nous \u00e9tofferons au fil du temps. Feuilletez-le tranquillement chez vous, et si vous avez la moindre question,\u00a0 n&rsquo;h\u00e9sitez pas \u00e0 nous envoyer un message via le formulaire de contact, ou simplement nous appeler. T\u00e9l\u00e9charger notre catalogue Pr\u00e9c\u00e9dent Suivant","og_url":"https:\/\/tablesfleursdunjour.fr\/?page_id=200","og_site_name":"Tables et Fleurs d&#039;Un Jour","article_modified_time":"2023-06-07T00:03:08+00:00","og_image":[{"url":"https:\/\/tablesfleursdunjour.fr\/wp-content\/uploads\/2023\/06\/B725cd87d-9871-48eb-b499-dce6bb0e8b28_table-tendance-ete-2020-scaled.jpg","type":"","width":"","height":""}],"twitter_misc":{"Dur\u00e9e de lecture estim\u00e9e":"1 minute"},"schema":{"@context":"https:\/\/schema.org","@graph":[{"@type":"WebPage","@id":"https:\/\/tablesfleursdunjour.fr\/?page_id=200","url":"https:\/\/tablesfleursdunjour.fr\/?page_id=200","name":"Location de Mat\u00e9riel - Tables et Fleurs d&#039;Un Jour","isPartOf":{"@id":"https:\/\/tablesfleursdunjour.fr\/#website"},"primaryImageOfPage":{"@id":"https:\/\/tablesfleursdunjour.fr\/?page_id=200#primaryimage"},"image":{"@id":"https:\/\/tablesfleursdunjour.fr\/?page_id=200#primaryimage"},"thumbnailUrl":"https:\/\/tablesfleursdunjour.fr\/wp-content\/uploads\/2023\/06\/B725cd87d-9871-48eb-b499-dce6bb0e8b28_table-tendance-ete-2020-scaled.jpg","datePublished":"2023-05-04T08:36:48+00:00","dateModified":"2023-06-07T00:03:08+00:00","inLanguage":"fr-FR","potentialAction":[{"@type":"ReadAction","target":["https:\/\/tablesfleursdunjour.fr\/?page_id=200"]}]},{"@type":"ImageObject","inLanguage":"fr-FR","@id":"https:\/\/tablesfleursdunjour.fr\/?page_id=200#primaryimage","url":"https:\/\/tablesfleursdunjour.fr\/wp-content\/uploads\/2023\/06\/B725cd87d-9871-48eb-b499-dce6bb0e8b28_table-tendance-ete-2020-scaled.jpg","contentUrl":"https:\/\/tablesfleursdunjour.fr\/wp-content\/uploads\/2023\/06\/B725cd87d-9871-48eb-b499-dce6bb0e8b28_table-tendance-ete-2020-scaled.jpg","width":2560,"height":1244},{"@type":"WebSite","@id":"https:\/\/tablesfleursdunjour.fr\/#website","url":"https:\/\/tablesfleursdunjour.fr\/","name":"Tables et Fleurs d&#039;Un Jour","description":"Wedding Design &amp; D\u00e9coration Florale","potentialAction":[{"@type":"SearchAction","target":{"@type":"EntryPoint","urlTemplate":"https:\/\/tablesfleursdunjour.fr\/?s={search_term_string}"},"query-input":{"@type":"PropertyValueSpecification","valueRequired":true,"valueName":"search_term_string"}}],"inLanguage":"fr-FR"}]}},"jetpack_sharing_enabled":true,"_links":{"self":[{"href":"https:\/\/tablesfleursdunjour.fr\/index.php?rest_route=\/wp\/v2\/pages\/200","targetHints":{"allow":["GET"]}}],"collection":[{"href":"https:\/\/tablesfleursdunjour.fr\/index.php?rest_route=\/wp\/v2\/pages"}],"about":[{"href":"https:\/\/tablesfleursdunjour.fr\/index.php?rest_route=\/wp\/v2\/types\/page"}],"author":[{"embeddable":true,"href":"https:\/\/tablesfleursdunjour.fr\/index.php?rest_route=\/wp\/v2\/users\/1"}],"replies":[{"embeddable":true,"href":"https:\/\/tablesfleursdunjour.fr\/index.php?rest_route=%2Fwp%2Fv2%2Fcomments&post=200"}],"version-history":[{"count":113,"href":"https:\/\/tablesfleursdunjour.fr\/index.php?rest_route=\/wp\/v2\/pages\/200\/revisions"}],"predecessor-version":[{"id":1880,"href":"https:\/\/tablesfleursdunjour.fr\/index.php?rest_route=\/wp\/v2\/pages\/200\/revisions\/1880"}],"wp:attachment":[{"href":"https:\/\/tablesfleursdunjour.fr\/index.php?rest_route=%2Fwp%2Fv2%2Fmedia&parent=200"}],"curies":[{"name":"wp","href":"https:\/\/api.w.org\/{rel}","templated":true}]}}